{"id":48,"date":"2025-11-01T06:42:27","date_gmt":"2025-11-01T06:42:27","guid":{"rendered":"https:\/\/www.atanurmakine.com.tr\/?page_id=48"},"modified":"2025-11-21T09:26:00","modified_gmt":"2025-11-21T09:26:00","slug":"contact","status":"publish","type":"page","link":"https:\/\/www.atanurmakine.com.tr\/en\/contact\/","title":{"rendered":"Contact"},"content":{"rendered":"\n\n\t<section class=\"section\" id=\"section_1659140483\">\n\t\t<div class=\"section-bg fill\" >\n\t\t\t\t\t\t\t\t\t\n\t\t\t\n\n\t\t<\/div>\n\n\t\t\t<div class=\"ux-shape-divider ux-shape-divider--top ux-shape-divider--style-tilt\">\n\t\t<svg viewBox=\"0 0 1000 100\" xmlns=\"http:\/\/www.w3.org\/2000\/svg\" preserveAspectRatio=\"none\">\n\t<path class=\"ux-shape-fill\" d=\"M1000 100V0L-40 100H1000Z\"\/>\n<\/svg>\n\t<\/div>\n\n\t<div class=\"ux-shape-divider ux-shape-divider--bottom ux-shape-divider--style-tilt\">\n\t\t<svg viewBox=\"0 0 1000 100\" xmlns=\"http:\/\/www.w3.org\/2000\/svg\" preserveAspectRatio=\"none\">\n\t<path class=\"ux-shape-fill\" d=\"M1000 100V0L-40 100H1000Z\"\/>\n<\/svg>\n\t<\/div>\n\n\t\t<div class=\"section-content relative\">\n\t\t\t\n\n<div class=\"row align-center\"  id=\"row-1041925775\">\n\n\n\t<div id=\"col-555226899\" class=\"col medium-6 small-12 large-6\"  >\n\t\t\t\t<div class=\"col-inner\"  >\n\t\t\t\n\t\t\t\n\n<div class=\"row\"  id=\"row-2055326795\">\n\n\n\t<div id=\"col-1535537182\" class=\"col small-12 large-12\"  >\n\t\t\t\t<div class=\"col-inner\"  >\n\t\t\t\n\t\t\t\n\n<div class=\"row\"  id=\"row-756074469\">\n\n\n\t<div id=\"col-1332649820\" class=\"col small-12 large-12\"  >\n\t\t\t\t<div class=\"col-inner\"  >\n\t\t\t\n\t\t\t\n\n<p><span style=\"font-size: 110%;\">Contact<\/span><\/p>\n<hr \/>\n<p><i class=\"icon-phone\"><\/i> 0 212 667 57 57<\/p>\n<p><i class=\"icon-map-pin-fill\"><\/i> \u0130kitelli OSB Mah. Dersan San. Sit. Trios 2023 A Blok Kat:1 No:89 Ba\u015fak\u015fehir \/ \u0130stanbul<\/p>\n<p><i class=\"icon-envelop\"><\/i>  info@atanurmakine.com<\/p>\n\n\n\t\t<\/div>\n\t\t\t\t\n<style>\n#col-1332649820 > .col-inner {\n  padding: 0px 0px 0px 0px;\n}\n@media (min-width:550px) {\n  #col-1332649820 > .col-inner {\n    padding: 0px 30px 0px 30px;\n  }\n}\n<\/style>\n\t<\/div>\n\n\t\n\n\t<div id=\"col-543630180\" class=\"col small-12 large-12\"  >\n\t\t\t\t<div class=\"col-inner\"  >\n\t\t\t\n\t\t\t\n\n<div class=\"social-icons follow-icons\" style=\"font-size:130%\"><a href=\"https:\/\/www.instagram.com\/atanurmakine\/\" target=\"_blank\" data-label=\"Instagram\" class=\"icon plain tooltip instagram\" title=\"Follow on Instagram\" aria-label=\"Follow on Instagram\" rel=\"noopener nofollow\"><i class=\"icon-instagram\" aria-hidden=\"true\"><\/i><\/a><a href=\"https:\/\/www.youtube.com\/@atanurmakinesanveticas2614\" data-label=\"YouTube\" target=\"_blank\" class=\"icon plain tooltip youtube\" title=\"Follow on YouTube\" aria-label=\"Follow on YouTube\" rel=\"noopener nofollow\"><i class=\"icon-youtube\" aria-hidden=\"true\"><\/i><\/a><\/div>\n\n\n\t\t<\/div>\n\t\t\t\t\n<style>\n#col-543630180 > .col-inner {\n  margin: 0px 0px 0px 20px;\n}\n<\/style>\n\t<\/div>\n\n\t\n\n<\/div>\n\n\n\t\t<\/div>\n\t\t\t\t\n<style>\n#col-1535537182 > .col-inner {\n  margin: 0px 0px 0px 0px;\n}\n@media (min-width:550px) {\n  #col-1535537182 > .col-inner {\n    margin: 0px 0px 0px -20px;\n  }\n}\n<\/style>\n\t<\/div>\n\n\t\n\n<\/div>\n\n\t\t<\/div>\n\t\t\t\t\t<\/div>\n\n\t\n\n\t<div id=\"col-1570096374\" class=\"col medium-4 small-12 large-4\"  >\n\t\t\t\t<div class=\"col-inner\"  >\n\t\t\t\n\t\t\t\n\n<div class=\"row\"  id=\"row-1449012478\">\n\n\n\t<div id=\"col-1307476672\" class=\"col small-12 large-12\"  >\n\t\t\t\t<div class=\"col-inner\"  >\n\t\t\t\n\t\t\t\n\n<a href=\"tel:+90%20212%20667%2057%2057\" target=\"_blank\" class=\"button white box-shadow-2 expand\" rel=\"noopener\" style=\"border-radius:10px;padding:20px 0px 20px 0px;\">\n\t<i class=\"icon-phone\" aria-hidden=\"true\"><\/i>\t<span>Talk to an Expert<\/span>\n\t<\/a>\n\n\n\n\t\t<\/div>\n\t\t\t\t\t<\/div>\n\n\t\n\n\t<div id=\"col-273964042\" class=\"col small-12 large-12\"  >\n\t\t\t\t<div class=\"col-inner\"  >\n\t\t\t\n\t\t\t\n\n<a href=\"https:\/\/www.google.com\/maps\/place\/41%C2%B004&#039;58.1%22N+28%C2%B047&#039;40.6%22E\/@41.0828056,28.7946111,17z\/data=!3m1!4b1!4m4!3m3!8m2!3d41.0828056!4d28.7946111?entry=ttu&#038;g_ep=EgoyMDI1MTExMi4wIKXMDSoASAFQAw%3D%3D\" target=\"_blank\" class=\"button white box-shadow-2 expand\" rel=\"noopener\" style=\"border-radius:10px;padding:20px 0px 20px 0px;\">\n\t<i class=\"icon-map-pin-fill\" aria-hidden=\"true\"><\/i>\t<span>You can get directions<\/span>\n\t<\/a>\n\n\n\n\t\t<\/div>\n\t\t\t\t\t<\/div>\n\n\t\n\n\t<div id=\"col-1350909180\" class=\"col small-12 large-12\"  >\n\t\t\t\t<div class=\"col-inner\"  >\n\t\t\t\n\t\t\t\n\n<a href=\"mailto:%20info@atanurmakine.com\" target=\"_blank\" class=\"button white box-shadow-2 expand\" rel=\"noopener\" style=\"border-radius:10px;padding:20px 0px 20px 0px;\">\n\t<i class=\"icon-envelop\" aria-hidden=\"true\"><\/i>\t<span>Send Email<\/span>\n\t<\/a>\n\n\n\n\t\t<\/div>\n\t\t\t\t\t<\/div>\n\n\t\n\n<\/div>\n\n\t\t<\/div>\n\t\t\t\t\t<\/div>\n\n\t\n\n<\/div>\n<div class=\"row align-center\"  id=\"row-1150497062\">\n\n\n\t<div id=\"col-1946588253\" class=\"col medium-8 small-12 large-8\"  >\n\t\t\t\t<div class=\"col-inner\"  >\n\t\t\t\n\t\t\t\n\n<p><iframe src=\"https:\/\/www.google.com\/maps\/embed?pb=!1m14!1m8!1m3!1d6014.7954319285855!2d28.7877177!3d41.0821561!3m2!1i1024!2i768!4f13.1!3m3!1m2!1s0x14caa58a9e362119%3A0xb4872003c9ab674e!2sDersan%20Koop!5e0!3m2!1str!2str!4v1762328144305!5m2!1str!2str\" width=\"100%\" height=\"300\" style=\"border:0;\" allowfullscreen=\"\" loading=\"lazy\" referrerpolicy=\"no-referrer-when-downgrade\"><\/iframe><\/p>\n\n\t\t<\/div>\n\t\t\t\t\t<\/div>\n\n\t\n\n<\/div>\n\n\t\t<\/div>\n\n\t\t\n<style>\n#section_1659140483 {\n  padding-top: 30px;\n  padding-bottom: 30px;\n  background-color: rgb(255,255,255);\n}\n#section_1659140483 .ux-shape-divider--top svg {\n  height: 150px;\n  --divider-top-width: 100%;\n}\n#section_1659140483 .ux-shape-divider--top .ux-shape-fill {\n  fill: rgb(249, 249, 249);\n}\n#section_1659140483 .ux-shape-divider--bottom svg {\n  height: 150px;\n  --divider-width: 100%;\n}\n#section_1659140483 .ux-shape-divider--bottom .ux-shape-fill {\n  fill: rgb(249, 249, 249);\n}\n<\/style>\n\t<\/section>\n\t\n\n","protected":false},"excerpt":{"rendered":"","protected":false},"author":1,"featured_media":0,"parent":0,"menu_order":0,"comment_status":"closed","ping_status":"closed","template":"page-blank.php","meta":{"footnotes":""},"class_list":["post-48","page","type-page","status-publish","hentry"],"_links":{"self":[{"href":"https:\/\/www.atanurmakine.com.tr\/en\/wp-json\/wp\/v2\/pages\/48","targetHints":{"allow":["GET"]}}],"collection":[{"href":"https:\/\/www.atanurmakine.com.tr\/en\/wp-json\/wp\/v2\/pages"}],"about":[{"href":"https:\/\/www.atanurmakine.com.tr\/en\/wp-json\/wp\/v2\/types\/page"}],"author":[{"embeddable":true,"href":"https:\/\/www.atanurmakine.com.tr\/en\/wp-json\/wp\/v2\/users\/1"}],"replies":[{"embeddable":true,"href":"https:\/\/www.atanurmakine.com.tr\/en\/wp-json\/wp\/v2\/comments?post=48"}],"version-history":[{"count":35,"href":"https:\/\/www.atanurmakine.com.tr\/en\/wp-json\/wp\/v2\/pages\/48\/revisions"}],"predecessor-version":[{"id":649,"href":"https:\/\/www.atanurmakine.com.tr\/en\/wp-json\/wp\/v2\/pages\/48\/revisions\/649"}],"wp:attachment":[{"href":"https:\/\/www.atanurmakine.com.tr\/en\/wp-json\/wp\/v2\/media?parent=48"}],"curies":[{"name":"wp","href":"https:\/\/api.w.org\/{rel}","templated":true}]}}